{"id":10396,"date":"2026-01-08T20:39:21","date_gmt":"2026-01-08T20:39:21","guid":{"rendered":"https:\/\/autoescolauniserv.jp\/?page_id=10396"},"modified":"2026-01-08T20:41:36","modified_gmt":"2026-01-08T20:41:36","slug":"termos-e-condicoes","status":"publish","type":"page","link":"https:\/\/autoescolauniserv.jp\/es\/termos-e-condicoes\/","title":{"rendered":"Termos e condi\u00e7\u00f5es"},"content":{"rendered":"<div data-elementor-type=\"wp-page\" data-elementor-id=\"10396\" class=\"elementor elementor-10396\" data-elementor-post-type=\"page\">\n\t\t\t\t<div class=\"elementor-element elementor-element-214a3d7 e-flex e-con-boxed e-con e-parent\" data-id=\"214a3d7\" data-element_type=\"container\" data-e-type=\"container\">\n\t\t\t\t\t<div class=\"e-con-inner\">\n\t\t\t\t<div class=\"elementor-element elementor-element-5ecb45a elementor-widget elementor-widget-text-editor\" data-id=\"5ecb45a\" data-element_type=\"widget\" data-e-type=\"widget\" data-widget_type=\"text-editor.default\">\n\t\t\t\t\t\t\t\t\t<h3 data-start=\"263\" data-end=\"323\">T\u00c9RMINO DE CONOCIMIENTO Y ACUERDO - CURSO TE\u00d3RICO EN L\u00cdNEA<\/h3><p data-start=\"324\" data-end=\"344\">Autoescuela UNISERV**<\/p><p data-start=\"346\" data-end=\"517\">Al comprar <strong data-start=\"360\" data-end=\"406\">Curso te\u00f3rico en l\u00ednea de la autoescuela UNISERV<\/strong>, el estudiante afirma que <strong data-start=\"428\" data-end=\"473\">ha le\u00eddo, comprendido y acepta plenamente<\/strong> con las condiciones que se describen a continuaci\u00f3n.<\/p><hr data-start=\"519\" data-end=\"522\" \/><h5 data-start=\"524\" data-end=\"551\"><strong data-start=\"527\" data-end=\"551\">1. Naturaleza del curso<\/strong><\/h5><p data-start=\"552\" data-end=\"872\">El alumno declara tener conocimiento de que el Curso de Teor\u00eda Online ofertado por UNISERV Autoescola es <strong data-start=\"647\" data-end=\"673\">exclusivamente te\u00f3rico<\/strong>, con el objetivo de <strong data-start=\"699\" data-end=\"734\">preparaci\u00f3n para los ex\u00e1menes te\u00f3ricos<\/strong>, Esto no incluye las clases pr\u00e1cticas, la formaci\u00f3n presencial, los simuladores de conducci\u00f3n o cualquier actividad relacionada con la conducci\u00f3n de un veh\u00edculo.<\/p><hr data-start=\"874\" data-end=\"877\" \/><h5 data-start=\"879\" data-end=\"917\"><strong data-start=\"882\" data-end=\"917\">2. Aprobaci\u00f3n de ex\u00e1menes oficiales<\/strong><\/h5><p data-start=\"918\" data-end=\"1212\">El estudiante entiende que UNISERV Autoescola <strong data-start=\"962\" data-end=\"987\">no garantiza la aprobaci\u00f3n<\/strong> en ex\u00e1menes oficiales, estando el resultado final condicionado exclusivamente a la <strong data-start=\"1063\" data-end=\"1129\">rendimiento individual, dedicaci\u00f3n, estudio y preparaci\u00f3n del alumno<\/strong>, as\u00ed como las normas y criterios de las organizaciones encargadas de administrar las pruebas.<\/p><hr data-start=\"1214\" data-end=\"1217\" \/><h5 data-start=\"1219\" data-end=\"1244\"><strong data-start=\"1222\" data-end=\"1244\">3. Acceso al curso<\/strong><\/h5><p data-start=\"1245\" data-end=\"1463\">El acceso al curso es <strong data-start=\"1265\" data-end=\"1293\">personal e intransferible<\/strong>, donde <strong data-start=\"1301\" data-end=\"1327\">expresamente prohibido<\/strong> compartir el nombre de usuario, la contrase\u00f1a o cualquier otra forma de acceso con terceros, independientemente de su relaci\u00f3n o grado de parentesco.<\/p><hr data-start=\"1465\" data-end=\"1468\" \/><h5 data-start=\"1470\" data-end=\"1497\"><strong data-start=\"1473\" data-end=\"1497\">4. Copyright<\/strong><\/h5><p data-start=\"1498\" data-end=\"1753\">Todos los contenidos disponibles en el curso, incluidos, entre otros, v\u00eddeos, textos, im\u00e1genes, folletos, ejercicios, materiales did\u00e1cticos y la plataforma digital, est\u00e1n protegidos por <strong data-start=\"1680\" data-end=\"1701\">copyright<\/strong> y pertenece exclusivamente a <strong data-start=\"1730\" data-end=\"1752\">Autoescuela UNISERV<\/strong>.<\/p><hr data-start=\"1755\" data-end=\"1758\" \/><h5 data-start=\"1760\" data-end=\"1807\"><strong data-start=\"1763\" data-end=\"1807\">5. Prohibici\u00f3n de copiar y compartir<\/strong><\/h5><p data-start=\"1808\" data-end=\"2049\">\u00c9 <strong data-start=\"1810\" data-end=\"1838\">estrictamente prohibido<\/strong> la copia, grabaci\u00f3n, reproducci\u00f3n, descarga, intercambio, venta o divulgaci\u00f3n, total o parcial, del contenido del curso, por cualquier medio, ya sea f\u00edsico o digital, sin la autorizaci\u00f3n expresa de UNISERV Autoescola.<\/p><hr data-start=\"2051\" data-end=\"2054\" \/><h5 data-start=\"2056\" data-end=\"2096\"><strong data-start=\"2059\" data-end=\"2096\">6. Sanciones por incumplimiento<\/strong><\/h5><p data-start=\"2097\" data-end=\"2379\">El incumplimiento de cualquiera de las normas de uso, acceso o protecci\u00f3n de los derechos de autor puede dar lugar a <strong data-start=\"2205\" data-end=\"2249\">anulaci\u00f3n inmediata del acceso al curso<\/strong>, <strong data-start=\"2251\" data-end=\"2278\">no hay reembolso<\/strong>, adem\u00e1s de la adopci\u00f3n de <strong data-start=\"2299\" data-end=\"2347\">medidas administrativas y judiciales adecuadas<\/strong>, de conformidad con la legislaci\u00f3n vigente.<\/p><hr data-start=\"2381\" data-end=\"2384\" \/><h5 data-start=\"2386\" data-end=\"2423\"><strong data-start=\"2389\" data-end=\"2423\">7. Fecha l\u00edmite de publicaci\u00f3n y acceso<\/strong><\/h5><p data-start=\"2424\" data-end=\"2638\">El estudiante es consciente de que el acceso al curso ser\u00e1 <strong data-start=\"2474\" data-end=\"2526\">s\u00f3lo se libera tras la confirmaci\u00f3n del pago<\/strong> y puede tener <strong data-start=\"2544\" data-end=\"2577\">fecha de caducidad<\/strong>, como se indica en la p\u00e1gina de ventas en el momento de la compra.<\/p><hr data-start=\"2640\" data-end=\"2643\" \/><h5 data-start=\"2645\" data-end=\"2679\"><strong data-start=\"2648\" data-end=\"2679\">8. Responsabilidad t\u00e9cnica<\/strong><\/h5><p data-start=\"2680\" data-end=\"2949\">Es responsabilidad exclusiva del estudiante tener <strong data-start=\"2729\" data-end=\"2750\">acceso a internet<\/strong>, as\u00ed como <strong data-start=\"2761\" data-end=\"2789\">equipos compatibles<\/strong> (ordenador, tel\u00e9fono m\u00f3vil o tableta) para el correcto uso de la plataforma del curso, no responsabiliz\u00e1ndose UNISERV Autoescola de las limitaciones t\u00e9cnicas del usuario.<\/p><hr data-start=\"2951\" data-end=\"2954\" \/><h5 data-start=\"2956\" data-end=\"2983\"><strong data-start=\"2959\" data-end=\"2983\">9. 9. Aceptaci\u00f3n de las condiciones<\/strong><\/h5><p data-start=\"2984\" data-end=\"3179\">Al completar la compra del Curso de Teor\u00eda Online, el alumno declara que <strong data-start=\"3050\" data-end=\"3095\">ha le\u00eddo, comprendido y acepta plenamente<\/strong> con todos los t\u00e9rminos y condiciones aqu\u00ed descritos, reconociendo su validez jur\u00eddica.<\/p><hr data-start=\"3181\" data-end=\"3184\" \/><p data-start=\"3186\" data-end=\"3247\"><strong data-start=\"3186\" data-end=\"3208\">Autoescuela UNISERV<\/strong><br data-start=\"3208\" data-end=\"3211\" \/>Curso te\u00f3rico en l\u00ednea - Condiciones de uso<\/p>\t\t\t\t\t\t\t\t<\/div>\n\t\t\t\t\t<\/div>\n\t\t\t\t<\/div>\n\t\t\t\t<\/div>","protected":false},"excerpt":{"rendered":"<p>TERMO DE CI\u00caNCIA E CONCORD\u00c2NCIA \u2013 CURSO TE\u00d3RICO ONLINE UNISERV Autoescola** Ao adquirir o Curso Te\u00f3rico Online da UNISERV Autoescola, [&hellip;]<\/p>\n","protected":false},"author":1,"featured_media":0,"parent":0,"menu_order":0,"comment_status":"closed","ping_status":"closed","template":"","meta":{"_monsterinsights_skip_tracking":false,"_monsterinsights_sitenote_active":false,"_monsterinsights_sitenote_note":"","_monsterinsights_sitenote_category":0,"footnotes":""},"class_list":["post-10396","page","type-page","status-publish","hentry"],"_links":{"self":[{"href":"https:\/\/autoescolauniserv.jp\/es\/wp-json\/wp\/v2\/pages\/10396","targetHints":{"allow":["GET"]}}],"collection":[{"href":"https:\/\/autoescolauniserv.jp\/es\/wp-json\/wp\/v2\/pages"}],"about":[{"href":"https:\/\/autoescolauniserv.jp\/es\/wp-json\/wp\/v2\/types\/page"}],"author":[{"embeddable":true,"href":"https:\/\/autoescolauniserv.jp\/es\/wp-json\/wp\/v2\/users\/1"}],"replies":[{"embeddable":true,"href":"https:\/\/autoescolauniserv.jp\/es\/wp-json\/wp\/v2\/comments?post=10396"}],"version-history":[{"count":4,"href":"https:\/\/autoescolauniserv.jp\/es\/wp-json\/wp\/v2\/pages\/10396\/revisions"}],"predecessor-version":[{"id":10400,"href":"https:\/\/autoescolauniserv.jp\/es\/wp-json\/wp\/v2\/pages\/10396\/revisions\/10400"}],"wp:attachment":[{"href":"https:\/\/autoescolauniserv.jp\/es\/wp-json\/wp\/v2\/media?parent=10396"}],"curies":[{"name":"wp","href":"https:\/\/api.w.org\/{rel}","templated":true}]}}