{"id":10405,"date":"2026-01-08T20:56:14","date_gmt":"2026-01-08T20:56:14","guid":{"rendered":"https:\/\/autoescolauniserv.jp\/?page_id=10405"},"modified":"2026-01-08T20:57:10","modified_gmt":"2026-01-08T20:57:10","slug":"termos-de-uso-e-acordo","status":"publish","type":"page","link":"https:\/\/autoescolauniserv.jp\/es\/termos-de-uso-e-acordo\/","title":{"rendered":"Termos de uso e acordo"},"content":{"rendered":"<div data-elementor-type=\"wp-page\" data-elementor-id=\"10405\" class=\"elementor elementor-10405\" data-elementor-post-type=\"page\">\n\t\t\t\t<div class=\"elementor-element elementor-element-da34f0f e-flex e-con-boxed e-con e-parent\" data-id=\"da34f0f\" data-element_type=\"container\" data-e-type=\"container\">\n\t\t\t\t\t<div class=\"e-con-inner\">\n\t\t\t\t<div class=\"elementor-element elementor-element-76ef7cb elementor-widget elementor-widget-text-editor\" data-id=\"76ef7cb\" data-element_type=\"widget\" data-e-type=\"widget\" data-widget_type=\"text-editor.default\">\n\t\t\t\t\t\t\t\t\t<h3>CONDICIONES DE USO Y ACUERDO - CURSO TE\u00d3RICO EN L\u00cdNEA<\/h3><p>1. Aceptaci\u00f3n de las condiciones<br \/>Al adquirir cualquier curso te\u00f3rico online ofrecido por UNISERV Autoescola, el alumno declara haber le\u00eddo, entendido y estar totalmente de acuerdo con los t\u00e9rminos descritos en este acuerdo.<\/p><p>2. Objetivo del curso<br \/>El \u00fanico objetivo del curso es preparar a los alumnos en teor\u00eda, utilizando lecciones en v\u00eddeo, materiales digitales, simulaciones y otros contenidos educativos. Este curso no incluye clases pr\u00e1cticas, formaci\u00f3n presencial, ex\u00e1menes de conducir ni ning\u00fan tipo de actividad pr\u00e1ctica relacionada con la conducci\u00f3n de veh\u00edculos.<\/p><p>3. Uso personal e intransferible<br \/>El acceso al curso es personal e intransferible, y est\u00e1 prohibido compartir su nombre de usuario, contrase\u00f1a o cualquier otra forma de acceso con terceros.<\/p><p>4. Derechos de autor y propiedad intelectual<br \/>Todos los contenidos puestos a disposici\u00f3n en el curso, incluyendo v\u00eddeos, textos, im\u00e1genes, audios, folletos, simulaciones y materiales complementarios, est\u00e1n protegidos por derechos de autor y constituyen propiedad intelectual exclusiva de UNISERV Autoescola.<\/p><p>5. Prohibici\u00f3n de copia, reproducci\u00f3n o difusi\u00f3n<br \/>Queda expresamente prohibida la copia, reproducci\u00f3n, grabaci\u00f3n, descarga, compartici\u00f3n, venta, distribuci\u00f3n o difusi\u00f3n, total o parcial, de cualquier material del curso, por cualquier medio, f\u00edsico o digital, sin autorizaci\u00f3n previa y por escrito de UNISERV. El incumplimiento de esta cl\u00e1usula podr\u00e1 dar lugar a la cancelaci\u00f3n inmediata del acceso al curso, sin derecho a reembolso, adem\u00e1s de la adopci\u00f3n de las medidas legales oportunas, de acuerdo con la legislaci\u00f3n vigente.<\/p><p>6. Acceso a los contenidos<br \/>El acceso al contenido se liberar\u00e1 una vez confirmado el pago y podr\u00e1 tener una fecha l\u00edmite espec\u00edfica, tal como se indica en la p\u00e1gina de venta del curso. UNISERV se reserva el derecho a realizar actualizaciones, mejoras o ajustes en el contenido siempre que sea necesario.<\/p><p>7. 7. Responsabilidades de los estudiantes<br \/>Es responsabilidad del estudiante tener acceso a Internet y a equipos compatibles para utilizar la plataforma, as\u00ed como utilizar el curso de forma \u00e9tica y de acuerdo con estas condiciones.<\/p><p>8. Limitaci\u00f3n de responsabilidad<br \/>UNISERV no garantiza el aprobado en los ex\u00e1menes oficiales, ya que el rendimiento del alumno depende de factores individuales como la dedicaci\u00f3n, el estudio y la comprensi\u00f3n de los contenidos te\u00f3ricos.<\/p><p>9. Cambios en las condiciones<br \/>Esta hoja de condiciones puede actualizarse en cualquier momento y es responsabilidad del estudiante consultarla peri\u00f3dicamente.<\/p><p>10. Legislaci\u00f3n aplicable<br \/>Este acuerdo se regir\u00e1 por las leyes de Jap\u00f3n, que tendr\u00e1 jurisdicci\u00f3n para resolver cualquier duda o conflicto que surja de este t\u00e9rmino.<\/p>\t\t\t\t\t\t\t\t<\/div>\n\t\t\t\t\t<\/div>\n\t\t\t\t<\/div>\n\t\t\t\t<\/div>","protected":false},"excerpt":{"rendered":"<p>TERMO DE USO E ACORDO \u2013 CURSO TE\u00d3RICO ONLINE 1. Aceite dos termosAo adquirir qualquer curso te\u00f3rico online oferecido pela [&hellip;]<\/p>\n","protected":false},"author":1,"featured_media":0,"parent":0,"menu_order":0,"comment_status":"closed","ping_status":"closed","template":"","meta":{"_monsterinsights_skip_tracking":false,"_monsterinsights_sitenote_active":false,"_monsterinsights_sitenote_note":"","_monsterinsights_sitenote_category":0,"footnotes":""},"class_list":["post-10405","page","type-page","status-publish","hentry"],"_links":{"self":[{"href":"https:\/\/autoescolauniserv.jp\/es\/wp-json\/wp\/v2\/pages\/10405","targetHints":{"allow":["GET"]}}],"collection":[{"href":"https:\/\/autoescolauniserv.jp\/es\/wp-json\/wp\/v2\/pages"}],"about":[{"href":"https:\/\/autoescolauniserv.jp\/es\/wp-json\/wp\/v2\/types\/page"}],"author":[{"embeddable":true,"href":"https:\/\/autoescolauniserv.jp\/es\/wp-json\/wp\/v2\/users\/1"}],"replies":[{"embeddable":true,"href":"https:\/\/autoescolauniserv.jp\/es\/wp-json\/wp\/v2\/comments?post=10405"}],"version-history":[{"count":4,"href":"https:\/\/autoescolauniserv.jp\/es\/wp-json\/wp\/v2\/pages\/10405\/revisions"}],"predecessor-version":[{"id":10409,"href":"https:\/\/autoescolauniserv.jp\/es\/wp-json\/wp\/v2\/pages\/10405\/revisions\/10409"}],"wp:attachment":[{"href":"https:\/\/autoescolauniserv.jp\/es\/wp-json\/wp\/v2\/media?parent=10405"}],"curies":[{"name":"wp","href":"https:\/\/api.w.org\/{rel}","templated":true}]}}