{"id":3,"date":"2025-08-11T19:08:54","date_gmt":"2025-08-11T19:08:54","guid":{"rendered":"https:\/\/autoescolauniserv.jp\/?page_id=3"},"modified":"2026-01-08T21:18:10","modified_gmt":"2026-01-08T21:18:10","slug":"privacy-policy","status":"publish","type":"page","link":"https:\/\/autoescolauniserv.jp\/es\/privacy-policy\/","title":{"rendered":"Pol\u00edtica de Privacidade"},"content":{"rendered":"<div data-elementor-type=\"wp-page\" data-elementor-id=\"3\" class=\"elementor elementor-3\" data-elementor-post-type=\"page\">\n\t\t\t\t<div class=\"elementor-element elementor-element-14ddfc40 e-flex e-con-boxed e-con e-parent\" data-id=\"14ddfc40\" data-element_type=\"container\" data-e-type=\"container\">\n\t\t\t\t\t<div class=\"e-con-inner\">\n\t\t\t\t<div class=\"elementor-element elementor-element-246d9332 elementor-widget elementor-widget-text-editor\" data-id=\"246d9332\" data-element_type=\"widget\" data-e-type=\"widget\" data-widget_type=\"text-editor.default\">\n\t\t\t\t\t\t\t\t\t\n<h2 class=\"wp-block-heading\"><\/h2>\n\n\n\n<p><\/p>\n\t\t\t\t\t\t\t\t<\/div>\n\t\t\t\t\t<\/div>\n\t\t\t\t<\/div>\n\t\t<div class=\"elementor-element elementor-element-b41a662 e-flex e-con-boxed e-con e-parent\" data-id=\"b41a662\" data-element_type=\"container\" data-e-type=\"container\">\n\t\t\t\t\t<div class=\"e-con-inner\">\n\t\t\t\t<div class=\"elementor-element elementor-element-a8230b7 elementor-widget elementor-widget-text-editor\" data-id=\"a8230b7\" data-element_type=\"widget\" data-e-type=\"widget\" data-widget_type=\"text-editor.default\">\n\t\t\t\t\t\t\t\t\t<h3 data-start=\"528\" data-end=\"578\"><strong data-start=\"530\" data-end=\"578\">POL\u00cdTICA DE PRIVACIDAD - AUTOESCUELA UNISERV<\/strong><\/h3>\n<p data-start=\"580\" data-end=\"850\">El objetivo de esta Pol\u00edtica de Privacidad es proporcionar informaci\u00f3n clara y transparente sobre c\u00f3mo <strong data-start=\"681\" data-end=\"703\">Autoescuela Uniserv<\/strong> recoge, utiliza, almacena y protege los datos personales de los usuarios que acceden al sitio y lo utilizan <strong data-start=\"801\" data-end=\"833\"><a class=\"decorated-link\" href=\"https:\/\/autoescolauniserv.jp\/es\/\" target=\"_new\" rel=\"noopener\" data-start=\"803\" data-end=\"831\">https:\/\/autoescolauniserv.jp<\/a><\/strong> y sus servicios.<\/p>\n<p data-start=\"852\" data-end=\"956\">Al utilizar nuestro sitio web, realizar compras o crear una cuenta, usted acepta los t\u00e9rminos de esta Pol\u00edtica.<\/p>\n<hr data-start=\"958\" data-end=\"961\" \/>\n<h5 data-start=\"963\" data-end=\"983\"><strong data-start=\"966\" data-end=\"983\">1. 1. Qui\u00e9nes somos<\/strong><\/h5>\n<p data-start=\"984\" data-end=\"1222\">Uniserv Auto School ofrece <strong data-start=\"1013\" data-end=\"1039\">cursos te\u00f3ricos en l\u00ednea<\/strong>, <strong data-start=\"1041\" data-end=\"1063\">cuestionarios digitales<\/strong>, <strong data-start=\"1065\" data-end=\"1097\">servicios educativos en l\u00ednea<\/strong> e <strong data-start=\"1100\" data-end=\"1151\">actividades que pueden incluir etapas presenciales<\/strong>, como se describe en las p\u00e1ginas de venta e informaci\u00f3n de cada servicio.<\/p>\n<hr data-start=\"1224\" data-end=\"1227\" \/>\n<h5 data-start=\"1229\" data-end=\"1258\"><strong data-start=\"1232\" data-end=\"1258\">2. Datos que recopilamos<\/strong><\/h5>\n<p data-start=\"1259\" data-end=\"1303\">Podemos recopilar los siguientes datos personales:<\/p>\n<ul data-start=\"1305\" data-end=\"1534\">\n<li data-start=\"1305\" data-end=\"1322\">\n<p data-start=\"1307\" data-end=\"1322\">Nombre y apellidos<\/p>\n<\/li>\n<li data-start=\"1323\" data-end=\"1345\">\n<p data-start=\"1325\" data-end=\"1345\">Direcci\u00f3n de correo electr\u00f3nico<\/p>\n<\/li>\n<li data-start=\"1346\" data-end=\"1379\">\n<p data-start=\"1348\" data-end=\"1379\">Datos de inicio de sesi\u00f3n y autenticaci\u00f3n<\/p>\n<\/li>\n<li data-start=\"1380\" data-end=\"1417\">\n<p data-start=\"1382\" data-end=\"1417\">Informaci\u00f3n sobre compras y pagos<\/p>\n<\/li>\n<li data-start=\"1418\" data-end=\"1433\">\n<p data-start=\"1420\" data-end=\"1433\">Direcci\u00f3n IP<\/p>\n<\/li>\n<li data-start=\"1434\" data-end=\"1476\">\n<p data-start=\"1436\" data-end=\"1476\">Datos de navegaci\u00f3n y uso de la plataforma<\/p>\n<\/li>\n<li data-start=\"1477\" data-end=\"1534\">\n<p data-start=\"1479\" data-end=\"1534\">Informaci\u00f3n facilitada voluntariamente en formularios<\/p>\n<\/li>\n<\/ul>\n<hr data-start=\"1536\" data-end=\"1539\" \/>\n<h5 data-start=\"1541\" data-end=\"1575\"><strong data-start=\"1544\" data-end=\"1575\">3. Creaci\u00f3n de cuenta e inicio de sesi\u00f3n<\/strong><\/h5>\n<p data-start=\"1576\" data-end=\"1819\">Al adquirir un curso o servicio, se puede pedir al usuario que <strong data-start=\"1643\" data-end=\"1662\">crear una cuenta<\/strong> en la plataforma.<br data-start=\"1677\" data-end=\"1680\" \/>En algunos casos, el registro es <strong data-start=\"1710\" data-end=\"1736\">creado autom\u00e1ticamente<\/strong>, Las credenciales de acceso se enviar\u00e1n a la direcci\u00f3n de correo electr\u00f3nico facilitada en el momento de la compra.<\/p>\n<p data-start=\"1821\" data-end=\"1874\">Esta informaci\u00f3n se utiliza exclusivamente para<\/p>\n<ul data-start=\"1875\" data-end=\"1973\">\n<li data-start=\"1875\" data-end=\"1907\">\n<p data-start=\"1877\" data-end=\"1907\">acceso a los contenidos adquiridos<\/p>\n<\/li>\n<li data-start=\"1908\" data-end=\"1945\">\n<p data-start=\"1910\" data-end=\"1945\">gesti\u00f3n de cursos o servicios<\/p>\n<\/li>\n<li data-start=\"1946\" data-end=\"1973\">\n<p data-start=\"1948\" data-end=\"1973\">comunicaci\u00f3n con el estudiante<\/p>\n<\/li>\n<\/ul>\n<hr data-start=\"1975\" data-end=\"1978\" \/>\n<h5 data-start=\"1980\" data-end=\"2017\"><strong data-start=\"1983\" data-end=\"2017\">4. Finalidad del uso de los datos<\/strong><\/h5>\n<p data-start=\"2018\" data-end=\"2057\">Los datos recogidos se utilizan para<\/p>\n<ul data-start=\"2059\" data-end=\"2332\">\n<li data-start=\"2059\" data-end=\"2093\">\n<p data-start=\"2061\" data-end=\"2093\">Procesamiento de compras y pagos<\/p>\n<\/li>\n<li data-start=\"2094\" data-end=\"2145\">\n<p data-start=\"2096\" data-end=\"2145\">Gestionar el acceso a cursos, cuestionarios y servicios<\/p>\n<\/li>\n<li data-start=\"2146\" data-end=\"2174\">\n<p data-start=\"2148\" data-end=\"2174\">Difusi\u00f3n de contenidos en l\u00ednea<\/p>\n<\/li>\n<li data-start=\"2175\" data-end=\"2228\">\n<p data-start=\"2177\" data-end=\"2228\">Realizar comunicaciones operativas y educativas<\/p>\n<\/li>\n<li data-start=\"2229\" data-end=\"2287\">\n<p data-start=\"2231\" data-end=\"2287\">Garantizar la seguridad, la prevenci\u00f3n del fraude y el uso indebido<\/p>\n<\/li>\n<li data-start=\"2288\" data-end=\"2332\">\n<p data-start=\"2290\" data-end=\"2332\">Cumplir las obligaciones legales y reglamentarias<\/p>\n<\/li>\n<\/ul>\n<hr data-start=\"2334\" data-end=\"2337\" \/>\n<h5 data-start=\"2339\" data-end=\"2359\"><strong data-start=\"2342\" data-end=\"2359\">5. Pagos<\/strong><\/h5>\n<p data-start=\"2360\" data-end=\"2474\">Los pagos efectuados en el sitio se procesan a trav\u00e9s del <strong data-start=\"2421\" data-end=\"2431\">Cuadrado<\/strong>, una pasarela de pago externa y segura.<\/p>\n<p data-start=\"2476\" data-end=\"2674\">Autoescuela Uniserv <strong data-start=\"2497\" data-end=\"2560\">no almacena los datos completos de las tarjetas de cr\u00e9dito o d\u00e9bito<\/strong>.<br data-start=\"2561\" data-end=\"2564\" \/>La informaci\u00f3n financiera es manejada directamente por Square, de acuerdo con su propia pol\u00edtica de privacidad.<\/p>\n<hr data-start=\"2676\" data-end=\"2679\" \/>\n<h5 data-start=\"2681\" data-end=\"2736\"><strong data-start=\"2684\" data-end=\"2736\">6. Cursos en l\u00ednea, cuestionarios y fases presenciales<\/strong><\/h5>\n<p data-start=\"2737\" data-end=\"2783\">Algunos de los productos y servicios que se ofrecen son<\/p>\n<ul data-start=\"2784\" data-end=\"2953\">\n<li data-start=\"2784\" data-end=\"2810\">\n<p data-start=\"2786\" data-end=\"2810\">cursos te\u00f3ricos en l\u00ednea<\/p>\n<\/li>\n<li data-start=\"2811\" data-end=\"2852\">\n<p data-start=\"2813\" data-end=\"2852\">simulaciones realizadas digitalmente<\/p>\n<\/li>\n<li data-start=\"2853\" data-end=\"2885\">\n<p data-start=\"2855\" data-end=\"2885\">servicios educativos en l\u00ednea<\/p>\n<\/li>\n<li data-start=\"2886\" data-end=\"2953\">\n<p data-start=\"2888\" data-end=\"2953\">fases presenciales, tal como se describen en el momento de la contrataci\u00f3n<\/p>\n<\/li>\n<\/ul>\n<p data-start=\"2955\" data-end=\"3054\">Los datos de los usuarios se utilizan exclusivamente para permitir la participaci\u00f3n en estas actividades.<\/p>\n<hr data-start=\"3056\" data-end=\"3059\" \/>\n<h5 data-start=\"3061\" data-end=\"3078\"><strong data-start=\"3064\" data-end=\"3078\">7. Cookies<\/strong><\/h5>\n<p data-start=\"3079\" data-end=\"3103\">Utilizamos cookies para:<\/p>\n<ul data-start=\"3105\" data-end=\"3242\">\n<li data-start=\"3105\" data-end=\"3139\">\n<p data-start=\"3107\" data-end=\"3139\">buen funcionamiento del sitio<\/p>\n<\/li>\n<li data-start=\"3140\" data-end=\"3167\">\n<p data-start=\"3142\" data-end=\"3167\">mantener las sesiones de inicio de sesi\u00f3n<\/p>\n<\/li>\n<li data-start=\"3168\" data-end=\"3205\">\n<p data-start=\"3170\" data-end=\"3205\">mejorar la experiencia del usuario<\/p>\n<\/li>\n<li data-start=\"3206\" data-end=\"3242\">\n<p data-start=\"3208\" data-end=\"3242\">seguridad y prevenci\u00f3n del fraude<\/p>\n<\/li>\n<\/ul>\n<p data-start=\"3244\" data-end=\"3370\">Los usuarios pueden configurar su navegador para rechazar las cookies, conscientes de que esto puede limitar algunas de las funcionalidades del sitio.<\/p>\n<hr data-start=\"3372\" data-end=\"3375\" \/>\n<h5 data-start=\"3377\" data-end=\"3412\"><strong data-start=\"3380\" data-end=\"3412\">8. Intercambio de datos<\/strong><\/h5>\n<p data-start=\"3413\" data-end=\"3481\">Sus datos s\u00f3lo se compartir\u00e1n cuando sea necesario con:<\/p>\n<ul data-start=\"3483\" data-end=\"3647\">\n<li data-start=\"3483\" data-end=\"3516\">\n<p data-start=\"3485\" data-end=\"3516\">Pasarela de pago (Square)<\/p>\n<\/li>\n<li data-start=\"3517\" data-end=\"3560\">\n<p data-start=\"3519\" data-end=\"3560\">Servicios e infraestructuras de alojamiento<\/p>\n<\/li>\n<li data-start=\"3561\" data-end=\"3596\">\n<p data-start=\"3563\" data-end=\"3596\">Servicios de correo electr\u00f3nico transaccional<\/p>\n<\/li>\n<li data-start=\"3597\" data-end=\"3647\">\n<p data-start=\"3599\" data-end=\"3647\">Herramientas de seguridad y prevenci\u00f3n del fraude<\/p>\n<\/li>\n<\/ul>\n<p data-start=\"3649\" data-end=\"3698\">Nunca vendemos ni comercializamos datos personales.<\/p>\n<hr data-start=\"3700\" data-end=\"3703\" \/>\n<h5 data-start=\"3705\" data-end=\"3740\"><strong data-start=\"3708\" data-end=\"3740\">9. Almacenamiento y seguridad<\/strong><\/h5>\n<p data-start=\"3741\" data-end=\"3900\">Tomamos las medidas t\u00e9cnicas y organizativas adecuadas para proteger los datos personales contra el acceso no autorizado, la p\u00e9rdida, el uso indebido o la divulgaci\u00f3n indebida.<\/p>\n<hr data-start=\"3902\" data-end=\"3905\" \/>\n<h5 data-start=\"3907\" data-end=\"3935\"><strong data-start=\"3910\" data-end=\"3935\">10. Conservaci\u00f3n de datos<\/strong><\/h5>\n<p data-start=\"3936\" data-end=\"3999\">Los datos personales se almacenan durante el periodo necesario para:<\/p>\n<ul data-start=\"4000\" data-end=\"4106\">\n<li data-start=\"4000\" data-end=\"4041\">\n<p data-start=\"4002\" data-end=\"4041\">cumplimiento de los fines descritos<\/p>\n<\/li>\n<li data-start=\"4042\" data-end=\"4078\">\n<p data-start=\"4044\" data-end=\"4078\">obligaciones legales y reglamentarias<\/p>\n<\/li>\n<li data-start=\"4079\" data-end=\"4106\">\n<p data-start=\"4081\" data-end=\"4106\">seguridad en los andenes<\/p>\n<\/li>\n<\/ul>\n<hr data-start=\"4108\" data-end=\"4111\" \/>\n<h5 data-start=\"4113\" data-end=\"4153\"><strong data-start=\"4116\" data-end=\"4153\">11. Derechos del interesado<\/strong><\/h5>\n<p data-start=\"4154\" data-end=\"4246\">Seg\u00fan <strong data-start=\"4168\" data-end=\"4209\">Ley General de Protecci\u00f3n de Datos (LGPD)<\/strong>, El titular puede, en cualquier momento:<\/p>\n<ul data-start=\"4248\" data-end=\"4420\">\n<li data-start=\"4248\" data-end=\"4283\">\n<p data-start=\"4250\" data-end=\"4283\">solicitar acceso a sus datos<\/p>\n<\/li>\n<li data-start=\"4284\" data-end=\"4328\">\n<p data-start=\"4286\" data-end=\"4328\">corregir datos incompletos o incorrectos<\/p>\n<\/li>\n<li data-start=\"4329\" data-end=\"4380\">\n<p data-start=\"4331\" data-end=\"4380\">solicitar la supresi\u00f3n de datos, cuando proceda<\/p>\n<\/li>\n<li data-start=\"4381\" data-end=\"4420\">\n<p data-start=\"4383\" data-end=\"4420\">solicitar la portabilidad de datos<\/p>\n<\/li>\n<\/ul>\n<p data-start=\"4422\" data-end=\"4496\">Las solicitudes pueden realizarse a trav\u00e9s de los canales oficiales de Autoescola Uniserv.<\/p>\n<hr data-start=\"4498\" data-end=\"4501\" \/>\n<h5 data-start=\"4503\" data-end=\"4535\"><strong data-start=\"4506\" data-end=\"4535\">12. Servicios de terceros<\/strong><\/h5>\n<p data-start=\"4536\" data-end=\"4678\">Los contenidos incrustados de terceros (como v\u00eddeos o herramientas externas) pueden recopilar datos de acuerdo con sus propias pol\u00edticas de privacidad.<\/p>\n<hr data-start=\"4680\" data-end=\"4683\" \/>\n<h5 data-start=\"4685\" data-end=\"4721\"><strong data-start=\"4688\" data-end=\"4721\">13. Cambios en esta pol\u00edtica<\/strong><\/h5>\n<p data-start=\"4722\" data-end=\"4897\">La presente Pol\u00edtica de Privacidad podr\u00e1 ser actualizada en cualquier momento para reflejar cambios legales u operativos. La versi\u00f3n m\u00e1s reciente estar\u00e1 siempre disponible en este sitio.<\/p>\n<hr data-start=\"4899\" data-end=\"4902\" \/>\n<h5 data-start=\"4904\" data-end=\"4922\"><strong data-start=\"4907\" data-end=\"4922\">14. Contacto<\/strong><\/h5>\n<p data-start=\"4923\" data-end=\"5105\">Si tiene alguna pregunta sobre esta Pol\u00edtica de Privacidad o el tratamiento de datos personales, p\u00f3ngase en contacto con <strong data-start=\"5041\" data-end=\"5063\">Autoescuela Uniserv<\/strong> a trav\u00e9s de los canales oficiales que figuran en el sitio web.<\/p>\t\t\t\t\t\t\t\t<\/div>\n\t\t\t\t\t<\/div>\n\t\t\t\t<\/div>\n\t\t\t\t<\/div>","protected":false},"excerpt":{"rendered":"<p>POL\u00cdTICA DE PRIVACIDADE \u2013 AUTOESCOLA UNISERV A presente Pol\u00edtica de Privacidade tem como objetivo informar, de forma clara e transparente, [&hellip;]<\/p>\n","protected":false},"author":1,"featured_media":0,"parent":0,"menu_order":0,"comment_status":"closed","ping_status":"open","template":"","meta":{"_monsterinsights_skip_tracking":false,"_monsterinsights_sitenote_active":false,"_monsterinsights_sitenote_note":"","_monsterinsights_sitenote_category":0,"footnotes":""},"class_list":["post-3","page","type-page","status-publish","hentry"],"_links":{"self":[{"href":"https:\/\/autoescolauniserv.jp\/es\/wp-json\/wp\/v2\/pages\/3","targetHints":{"allow":["GET"]}}],"collection":[{"href":"https:\/\/autoescolauniserv.jp\/es\/wp-json\/wp\/v2\/pages"}],"about":[{"href":"https:\/\/autoescolauniserv.jp\/es\/wp-json\/wp\/v2\/types\/page"}],"author":[{"embeddable":true,"href":"https:\/\/autoescolauniserv.jp\/es\/wp-json\/wp\/v2\/users\/1"}],"replies":[{"embeddable":true,"href":"https:\/\/autoescolauniserv.jp\/es\/wp-json\/wp\/v2\/comments?post=3"}],"version-history":[{"count":7,"href":"https:\/\/autoescolauniserv.jp\/es\/wp-json\/wp\/v2\/pages\/3\/revisions"}],"predecessor-version":[{"id":10420,"href":"https:\/\/autoescolauniserv.jp\/es\/wp-json\/wp\/v2\/pages\/3\/revisions\/10420"}],"wp:attachment":[{"href":"https:\/\/autoescolauniserv.jp\/es\/wp-json\/wp\/v2\/media?parent=3"}],"curies":[{"name":"wp","href":"https:\/\/api.w.org\/{rel}","templated":true}]}}